{"id":127,"date":"2025-09-18T10:10:38","date_gmt":"2025-09-18T10:10:38","guid":{"rendered":"https:\/\/test.str-terminal.de\/?page_id=127"},"modified":"2025-09-18T12:18:07","modified_gmt":"2025-09-18T12:18:07","slug":"datenschutzerklarung","status":"publish","type":"page","link":"https:\/\/www.str-terminal.de\/?page_id=127","title":{"rendered":"Datenschutzerkl\u00e4rung"},"content":{"rendered":"\n<h1 class=\"wp-block-heading\">DATENSCHUTZERKL\u00c4RUNG<\/h1>\n\n\n\n<p>Wir m\u00f6chten Sie nachfolgend \u00fcber die Verarbeitung personenbezogener Daten im Rahmen der Nutzung unserer Internetseiten informieren.<\/p>\n\n\n\n<h2 class=\"wp-block-heading\">1. Name und Kontaktdaten des f\u00fcr die Verarbeitung Verantwortlichen sowie des betrieblichen Datenschutzbeauftragten<\/h2>\n\n\n\n<p><strong>Verantwortlicher<\/strong>&nbsp;f\u00fcr diese Internetseite ist STR Tank-Container-Reinigung GmbH, vertreten durch den Gesch\u00e4ftsf\u00fchrer Andreas Haupt, Justus-von-Liebig-Stra\u00dfe 29, 01987 Schwarzheide. Weitere Angaben zu unserem Unternehmen k\u00f6nnen Sie unserem Impressum entnehmen.<\/p>\n\n\n\n<p>Der&nbsp;<strong>Datenschutzbeauftragte<\/strong>&nbsp;ist wie folgt erreichbar<\/p>\n\n\n\n<ul class=\"wp-block-list\">\n<li>Tel: 035752920-0<\/li>\n\n\n\n<li>Mail:&nbsp;<a href=\"mailto:datenschutzDe@bertschi.com\">datenschutzDe@bertschi.com<\/a><\/li>\n\n\n\n<li>Postalisch:<br>STR GmbH<br>Der Datenschutzbeauftragte<br>Justus-von-Liebig-Strasse 29<br>01987 Schwarzheide<\/li>\n<\/ul>\n\n\n\n<h2 class=\"wp-block-heading\">2. Erhebung und Speicherung personenbezogener Daten sowie Art und Zweck von deren Verwendung<\/h2>\n\n\n\n<ol class=\"wp-block-list\">\n<li>Beim Besuch unserer Internetseiten<br>Wenn Sie unsere Internetseiten besuchen, werden auch personenbezogene Daten verarbeitet. Damit die Seiten in Ihrem Browser dargestellt werden k\u00f6nnen, muss die IP-Adresse des von Ihnen verwendeten Endger\u00e4ts verarbeitet werden. Hinzu kommen weitere Informationen \u00fcber den Browser ihres Endger\u00e4ts.Folgende Informationen werden dabei ohne ihr Zutun erfasst und bis zur L\u00f6schung nach 1 Woche gespeichert:<ul><li>IP-Adresse des anfragenden Rechners<\/li><li>Datum und Uhrzeit des Zugriffs<\/li><li>Name und URL der abgerufenen Datei<\/li><li>Betriebssystem des aufrufenden Rechners<\/li><li>Browserversion des aufrufenden Rechners<\/li><li>\u00fcbertragene Datenmenge<\/li><li>verweisende URL<\/li><\/ul>&nbsp;Die IP-Adresse wird nach 7 Tagen von allen Systemen, die im Zusammenhang mit dem Betrieb dieser Internetseiten verwendet werden, gel\u00f6scht. Einen Personenbezug k\u00f6nnen wir aus den verbleibenden Daten dann nicht mehr herstellen.Die genannten Daten werden durch uns zu folgenden Zwecken verarbeitet:<ul><li>Gew\u00e4hrleistung eines reibungslosen Verbindungsaufbaus der Internetseite<\/li><li>Gew\u00e4hrleistung einer komfortablen Nutzung unserer Internetseite<\/li><li>Auswertung der Systemsicherheit und \u2013Stabilit\u00e4t um Fehler der Internetseite zu beheben<\/li><\/ul>&nbsp;Die Rechtsgrundlage f\u00fcr die Verarbeitung ist Art. 6 Abs. 1 S. 1 lit f DSGVO. Unser Interesse im Sinne des Art. 6 Abs. 1 lit. f DSGVO ist der Betrieb dieser Internetseite und die Umsetzung der Schutzziele der DSGVO der Vertraulichkeit, Integrit\u00e4t und Verf\u00fcgbarkeit der Daten.<\/li>\n\n\n\n<li>Bei Nutzung unseres Kontaktformulars<br>Bei Fragen jeglicher Art bieten wir Ihnen die M\u00f6glichkeit, \u00fcber ein auf der Webseite bereitgestelltes Formular, Kontakt zu uns aufzunehmen. Dabei ist die Eingabe einer g\u00fcltigen E-Mail Adresse und ihr vollst\u00e4ndiger Name erforderlich, damit wir wissen von wem die Anfrage stammt und um diese beantworten zu k\u00f6nnen. Weitere Angaben k\u00f6nnen freiwillig gemacht werden. Diese Daten verarbeiten wir auf der Basis, dass wir davon ausgehen, dass die Verarbeitung und Verwendung dieser Daten in Ihrem Interesse ist.Anfragen die \u00fcber das Kontaktformular unserer Internetseite eingehen, werden in unserem Mailserver gespeichert. Sollten Daten im Rahmen einer Kunden- oder Interessentenbeziehung nicht weiter erforderlich sein oder ein entgegenstehendes Interesse des Kunden \u00fcberwiegen, werden wir die betreffenden Daten l\u00f6schen, sofern dem keine gesetzliche Aufbewahrungspflichten entgegenstehen.Rechtsgrundlage f\u00fcr diese Datenverarbeitung ist Art. 6 Abs. 1 lit. f DSGVO. Unser Interesse im Sinne des Art. 6 Abs. 1 lit. f ist die Kommunikation mit Kunden und Interessenten.<\/li>\n<\/ol>\n\n\n\n<h2 class=\"wp-block-heading\">3. Empf\u00e4nger\/Weitergabe von Daten<\/h2>\n\n\n\n<p>Daten, die Sie uns gegen\u00fcber angeben, werden grunds\u00e4tzlich nicht an Dritte weitergegeben. Insbesondere werden Ihre Daten nicht an Dritte f\u00fcr deren Werbezwecke weitergegeben.<\/p>\n\n\n\n<p>Wir setzen jedoch gegebenenfalls Dienstleister f\u00fcr den Betrieb dieser Internetseiten oder f\u00fcr weitere Produkte von uns ein. Hier kann es vorkommen, dass ein Dienstleister Kenntnis von personenbezogenen Daten erh\u00e4lt. Wir w\u00e4hlen unsere Dienstleister sorgf\u00e4ltig aus &#8211; insbesondere im Hinblick auf Datenschutz und Datensicherheit &#8211; und treffen alle datenschutzrechtlich erforderlichen Ma\u00dfnahmen f\u00fcr eine zul\u00e4ssige Datenverarbeitung.<\/p>\n\n\n\n<h2 class=\"wp-block-heading\">4. Cookies<\/h2>\n\n\n\n<p>Auf unseren Internetseiten kommen Cookies zum Einsatz. Cookies sind kleine Textinformationen, die \u00fcber ihren Browser in ihrem Endger\u00e4t gespeichert werden. Die Cookies sind erforderlich, um bestimmte Funktionen unserer Internetseiten zu erm\u00f6glichen. Cookies richten auf ihrem Endger\u00e4t keinen Schaden an, enthalten keine Viren, Trojaner oder sonstige Schatzsoftware.<\/p>\n\n\n\n<p>In dem Cookie werden Informationen abgelegt, die sich jeweils im Zusammenhang mit dem spezifisch eingesetzten Endger\u00e4t ergeben. Dies bedeutet jedoch nicht, dass wir dadurch unmittelbar Kenntnis von ihrer Identit\u00e4t erhalten.<\/p>\n\n\n\n<p>Der Einsatz von Cookies dient einerseits dazu, die Nutzung unseres Angebots f\u00fcr Sie angenehmer zu gestalten. So setzten wir so genannte Sessions- Cookies ein, um zu erkennen, dass sie einzelne Seiten unserer Internetseite bereits besucht haben. Diese werden nach Verlassen unserer Seite automatisch gel\u00f6scht.<\/p>\n\n\n\n<p>Dar\u00fcber hinaus setzen wir ebenfalls zur Optimierung der Benutzerfreundlichkeit tempor\u00e4re Cookies ein, die f\u00fcr einen bestimmten festgelegten Zeitraum auf ihrem Endger\u00e4t gespeichert werden. Besuchen Sie unsere Seite erneut, um unsere Dienste in Anspruch zu nehmen wird automatisch erkannt dass sie bereits bei uns waren und welche Eingaben und Einstellungen Sie get\u00e4tigt haben und diese nicht noch einmal eingeben zu m\u00fcssen.<\/p>\n\n\n\n<p>Zum anderen setzen wir Cookies ein, um die Nutzung unserer Internetseite statisch zu erfassen und zum Zwecke der Optimierung unseres Angebots f\u00fcr sie auszuwerten. Diese Cookies erm\u00f6glichen es uns, bei einem erneuten Besuch unserer Seite automatisch zu erkennen, dass sie bereits bei uns waren. Diese Cookies werden nach einer jeweils definierten Zeit automatisch gel\u00f6scht.<\/p>\n\n\n\n<p>Sie haben die M\u00f6glichkeit, das Setzen von Cookies durch entsprechende Einstellung in Ihrem Browser zu unterbinden. Wir weisen jedoch darauf hin, dass die Nutzung unserer Internetseiten dann gegebenenfalls nur eingeschr\u00e4nkt m\u00f6glich ist.<\/p>\n\n\n\n<p>Die Rechtsgrundlage f\u00fcr diese Datenverarbeitung ist Art. 6 Abs. 1 lit f DSGVO. Unser Interesse im Sinne des Art. 6 Abs. 1 lit f ist der Betrieb dieser Internetseite.<\/p>\n\n\n\n<h2 class=\"wp-block-heading\">5. Analyse-Tools<\/h2>\n\n\n\n<ol class=\"wp-block-list\">\n<li>Keine Trackingtools im Einsatz<\/li>\n<\/ol>\n\n\n\n<h2 class=\"wp-block-heading\">6. Datenverarbeitung au\u00dferhalb der Europ\u00e4ischen Union<\/h2>\n\n\n\n<p>Wir informieren Sie dar\u00fcber, dass sich der Server, von dem die Homepage betrieben wird in der Schweiz befindet. Dabei handelt es sich um einen Server des Bertschikonzerns. Eine Daten\u00fcbermittlung in die Schweiz ist gem\u00e4\u00df Art. 45 DSGVO zul\u00e4ssig. Der Angemessenheitsbeschluss der europ\u00e4ischen Kommission liegt f\u00fcr die Schweiz vor.<\/p>\n\n\n\n<p>Eine Verarbeitung ihrer personenbezogenen Daten findet in einem so genannten Drittstaat au\u00dferhalb der Europ\u00e4ischen Union nicht durch und statt.<\/p>\n\n\n\n<h2 class=\"wp-block-heading\">7. Ihre Rechte als Betroffener<\/h2>\n\n\n\n<p>Sie haben das Recht:<\/p>\n\n\n\n<ul class=\"wp-block-list\">\n<li>gem\u00e4\u00df Art. 15 DSGVO&nbsp;<strong>Auskunft<\/strong>&nbsp;\u00fcber Ihre von uns verarbeiteten personenbezogenen Daten zu verlangen. Insbesondere k\u00f6nnen Sie Auskunft \u00fcber die Verarbeitungszwecke, die Kategorie der personenbezogenen Daten, die Kategorien von Empf\u00e4ngern, gegen\u00fcber denen Ihre Daten offengelegt wurden oder werden, die geplante Speicherdauer, das Bestehen eines Rechts auf Berichtigung, L\u00f6schung, Einschr\u00e4nkung der Verarbeitung oder Widerspruch, das Bestehen eines Beschwerderechts, die Herkunft ihrer Daten, sofern diese nicht bei uns erhoben wurden, sowie \u00fcber das Bestehen einer automatisierten Entscheidungsfindung einschlie\u00dflich Profiling und ggf. aussagekr\u00e4ftigen Informationen zu deren Einzelheiten verlangen;Bei einer Auskunftsanfrage, die nicht schriftlich erfolgt, bitten wir um Verst\u00e4ndnis daf\u00fcr, dass wir dann gegebenenfalls Nachweise von Ihnen verlangen, die belegen, dass sie die Person sind, f\u00fcr die sie sich ausgeben.<\/li>\n\n\n\n<li>gem\u00e4\u00df Art. 17 DSGVO die&nbsp;<strong>L\u00f6schung<\/strong>&nbsp;Ihrer bei uns gespeicherten personenbezogenen Daten zu verlangen, soweit nicht die Verarbeitung zur Aus\u00fcbung des Rechts auf freie Meinungs\u00e4u\u00dferung und Information, zur Erf\u00fcllung einer rechtlichen Verpflichtung, aus Gr\u00fcnden des \u00f6ffentlichen Interesses oder zur Geltendmachung, Aus\u00fcbung oder Verteidigung von Rechtsanspr\u00fcchen erforderlich ist;<\/li>\n\n\n\n<li>gem\u00e4\u00df Art. 18 DSGVO die&nbsp;<strong>Einschr\u00e4nkung<\/strong>&nbsp;der Verarbeitung Ihrer personenbezogenen Daten zu verlangen, soweit die Richtigkeit der Daten von Ihnen bestritten wird, die Verarbeitung unrechtm\u00e4\u00dfig ist, Sie aber deren L\u00f6schung ablehnen und wir die Daten nicht mehr ben\u00f6tigen, Sie jedoch diese zur Geltendmachung, Aus\u00fcbung oder Verteidigung von Rechtsanspr\u00fcchen ben\u00f6tigen oder Sie gem\u00e4\u00df Art. 21 DSGVO Widerspruch gegen die Verarbeitung eingelegt haben;<\/li>\n\n\n\n<li>gem\u00e4\u00df Art. 20 DSGVO Ihre personenbezogenen Daten, die Sie uns bereitgestellt haben, in einem strukturierten, g\u00e4ngigen und maschinenlesebaren Format zu erhalten oder die \u00dcbermittlung an einen anderen Verantwortlichen zu verlangen;<\/li>\n\n\n\n<li>gem\u00e4\u00df Art. 7 Abs. 3 DSGVO Ihre einmal erteilte&nbsp;<strong>Einwilligung<\/strong>&nbsp;jederzeit gegen\u00fcber uns zu widerrufen. Dies hat zur Folge, dass wir die Datenverarbeitung, die auf dieser Einwilligung beruhte, f\u00fcr die Zukunft nicht mehr fortf\u00fchren d\u00fcrfen. Die bis zum Widerruf der Einwilligung erfolgte Verarbeitung bleibt rechtm\u00e4\u00dfig.<\/li>\n\n\n\n<li>gem\u00e4\u00df Art. 77 DSGVO sich bei einer&nbsp;<strong>Aufsichtsbeh\u00f6rde<\/strong>&nbsp;zu beschweren. In der Regel k\u00f6nnen Sie sich hierf\u00fcr an die Aufsichtsbeh\u00f6rde Ihres \u00fcblichen Aufenthaltsortes oder Arbeitsplatzes oder unseres Firmensitzes wenden.<\/li>\n<\/ul>\n\n\n\n<h2 class=\"wp-block-heading\">8. Widerspruchsrecht<\/h2>\n\n\n\n<p>Sofern Ihre personenbezogenen Daten auf Grundlage von berechtigten Interessen gem\u00e4\u00df Art. 6 Abs. 1 S. 1 lit. f DSGVO verarbeitet werden, haben Sie das Recht, gem\u00e4\u00df Art. 21 DSGVO Widerspruch gegen die Verarbeitung Ihrer personenbezogenen Daten einzulegen, soweit daf\u00fcr Gr\u00fcnde vorliegen, die sich aus Ihrer besonderen Situation ergeben oder sich der Widerspruch gegen Direktwerbung richtet. Im letzteren Fall haben Sie ein generelles Widerspruchsrecht, das ohne Angabe einer besonderen Situation von uns umgesetzt wird.<\/p>\n\n\n\n<p>M\u00f6chten Sie von Ihrem Widerrufs- oder Widerspruchsrecht Gebrauch machen, gen\u00fcgt eine E-Mail an datenschutzDe@bertschi.com<\/p>\n\n\n\n<h2 class=\"wp-block-heading\">9. Datensicherheit<\/h2>\n\n\n\n<p>Wir verwenden innerhalb des Website-Besuchs das verbreitete SSL-Verfahren (Secure Socket Layer) in Verbindung mit der jeweils h\u00f6chsten Verschl\u00fcsselungsstufe, die von Ihrem Browser unterst\u00fctzt wird. Wir bedienen uns im \u00dcbrigen geeigneter technischer und organisatorischer Sicherheitsma\u00dfnahmen, um Ihre Daten gegen zuf\u00e4llige oder vors\u00e4tzliche Manipulationen, teilweisen oder vollst\u00e4ndigen Verlust, Zerst\u00f6rung oder gegen den unbefugten Zugriff Dritter zu sch\u00fctzen. Unsere Sicherheitsma\u00dfnahmen werden entsprechend der technologischen Entwicklung fortlaufend verbessert.<\/p>\n\n\n\n<h2 class=\"wp-block-heading\">10. Aktualit\u00e4t und \u00c4nderung dieser Datenschutzerkl\u00e4rung<\/h2>\n\n\n\n<p>Diese Datenschutzerkl\u00e4rung ist aktuell g\u00fcltig und hat den Stand Mai 2022.<\/p>\n\n\n\n<p>Durch die Weiterentwicklung unserer Website und Angebote dar\u00fcber oder aufgrund ge\u00e4nderter gesetzlicher beziehungsweise beh\u00f6rdlicher Vorgaben kann es notwendig werden, diese Datenschutzerkl\u00e4rung zu \u00e4ndern. Die jeweils aktuelle Datenschutzerkl\u00e4rung kann jederzeit auf der Website unter https:\/\/str-terminal.de\/datenschutz von Ihnen abgerufen und ausgedruckt werden.<\/p>\n","protected":false},"excerpt":{"rendered":"<p>DATENSCHUTZERKL\u00c4RUNG Wir m\u00f6chten Sie nachfolgend \u00fcber die Verarbeitung personenbezogener Daten im Rahmen der Nutzung unserer Internetseiten informieren. 1. Name und Kontaktdaten des f\u00fcr die Verarbeitung Verantwortlichen sowie des betrieblichen Datenschutzbeauftragten Verantwortlicher&nbsp;f\u00fcr diese Internetseite ist STR Tank-Container-Reinigung GmbH, vertreten durch den Gesch\u00e4ftsf\u00fchrer Andreas Haupt, Justus-von-Liebig-Stra\u00dfe 29, 01987 Schwarzheide. Weitere Angaben zu unserem Unternehmen k\u00f6nnen Sie unserem [&hellip;]<\/p>\n","protected":false},"author":1,"featured_media":0,"parent":0,"menu_order":0,"comment_status":"closed","ping_status":"closed","template":"templates\/template-full-no-title.php","meta":{"footnotes":""},"class_list":["post-127","page","type-page","status-publish","hentry"],"_links":{"self":[{"href":"https:\/\/www.str-terminal.de\/index.php?rest_route=\/wp\/v2\/pages\/127","targetHints":{"allow":["GET"]}}],"collection":[{"href":"https:\/\/www.str-terminal.de\/index.php?rest_route=\/wp\/v2\/pages"}],"about":[{"href":"https:\/\/www.str-terminal.de\/index.php?rest_route=\/wp\/v2\/types\/page"}],"author":[{"embeddable":true,"href":"https:\/\/www.str-terminal.de\/index.php?rest_route=\/wp\/v2\/users\/1"}],"replies":[{"embeddable":true,"href":"https:\/\/www.str-terminal.de\/index.php?rest_route=%2Fwp%2Fv2%2Fcomments&post=127"}],"version-history":[{"count":3,"href":"https:\/\/www.str-terminal.de\/index.php?rest_route=\/wp\/v2\/pages\/127\/revisions"}],"predecessor-version":[{"id":197,"href":"https:\/\/www.str-terminal.de\/index.php?rest_route=\/wp\/v2\/pages\/127\/revisions\/197"}],"wp:attachment":[{"href":"https:\/\/www.str-terminal.de\/index.php?rest_route=%2Fwp%2Fv2%2Fmedia&parent=127"}],"curies":[{"name":"wp","href":"https:\/\/api.w.org\/{rel}","templated":true}]}}