{"id":223,"date":"2025-09-18T12:34:51","date_gmt":"2025-09-18T12:34:51","guid":{"rendered":"https:\/\/test.str-terminal.de\/?page_id=223"},"modified":"2025-09-18T12:34:51","modified_gmt":"2025-09-18T12:34:51","slug":"datenschutzhinweise-fur-bewerber","status":"publish","type":"page","link":"https:\/\/www.str-terminal.de\/?page_id=223","title":{"rendered":"Datenschutzhinweise f\u00fcr Bewerber"},"content":{"rendered":"\n<h1 class=\"wp-block-heading\">Datenschutzhinweise f\u00fcr Bewerberinnen und Bewerber<\/h1>\n\n\n\n<p>Wir m\u00f6chten Ihnen nachfolgend Informationen zur Verarbeitung Ihrer personenbezogenen Daten im Zusammenhang mit der Bewerbung erteilen.<\/p>\n\n\n\n<p><strong>Wer ist f\u00fcr Datenverarbeitung verantwortlich?<\/strong><\/p>\n\n\n\n<p>Verantwortlicher im Sinne des Datenschutzrechts ist<br><br>STR Tank-Container-Reinigung GmbH<br>Gesch\u00e4ftsf\u00fchrer Andreas Haupt<br>Justus von Liebig-Str. 29<br>01987 Schwarzheide<br>Tel.:035752\/920-56<\/p>\n\n\n\n<p><strong>Unser Datenschutzbeauftragter<\/strong><br>Wir haben einen Datenschutzbeauftragten in unserem Unternehmen benannt. Sie erreichen diesen unter folgender Kontaktm\u00f6glichkeit:<br><br>Nico Michael<br>Justus von Liebig-Str. 29<br>01987 Schwarzheide<br>datenschutzDe@bertschi.com<\/p>\n\n\n\n<p><strong>Welche Daten von Ihnen werden von uns verarbeitet? Und zu welchen Zwecken?<\/strong><br>Wir verarbeiten die Daten, die Sie uns im Zusammenhang mit Ihrer Bewerbung zugesandt haben, um Ihre Eignung f\u00fcr die Stelle (oder ggf. andere offene Positionen in unseren Unternehmen) zu pr\u00fcfen und das Bewerbungsverfahren durchzuf\u00fchren.<\/p>\n\n\n\n<p><strong>Auf welcher rechtlichen Grundlage basiert das?<\/strong><br>Rechtsgrundlage f\u00fcr die Verarbeitung Ihrer personenbezogenen Daten in diesem Bewerbungsverfahren ist prim\u00e4r \u00a7 26 BDSG in der ab dem 25.05.2018 geltenden Fassung. Danach ist die Verarbeitung der Daten zul\u00e4ssig, die im Zusammenhang mit der Entscheidung \u00fcber die Begr\u00fcndung eines Besch\u00e4ftigungsverh\u00e4ltnisses erforderlich sind.<\/p>\n\n\n\n<p>Sollten die Daten nach Abschluss des Bewerbungsverfahrens ggf. zur Rechtsverfolgung erforderlich sein, kann eine Datenverarbeitung auf Basis der Voraussetzungen von Art. 6 DSGVO, insbesondere zur Wahrnehmung von berechtigten Interessen nach Art. 6 Abs. 1 lit. f) DSGVO erfolgen. Unser Interesse besteht dann in der Geltendmachung oder Abwehr von Anspr\u00fcchen.<\/p>\n\n\n\n<p><strong>Wie lange werden die Daten gespeichert?<\/strong><br>Daten von Bewerberinnen und Bewerbern werden im Falle einer Absage nach 6 Monaten gel\u00f6scht.<br><br>F\u00fcr den Fall, dass Sie einer weiteren Speicherung Ihrer personenbezogenen Daten zugestimmt haben, werden wir Ihre Daten in unseren Bewerber-Pool \u00fcbernehmen. Dort werden die Daten nach Ablauf von einem Jahre gel\u00f6scht.<br><br>Sollten Sie im Rahmen des Bewerbungsverfahrens den Zuschlag f\u00fcr eine Stelle erhalten haben, werden die Daten aus dem Bewerberdatensystem in unser Personalinformationssystem \u00fcberf\u00fchrt.<\/p>\n\n\n\n<p><strong>An welche Empf\u00e4nger werden die Daten weitergegeben?<\/strong><br>Ihre Bewerberdaten werden nach Eingang Ihrer Bewerbung von der Personalabteilung gesichtet. Geeignete Bewerbungen werden dann an die Abteilungsverantwortlichen f\u00fcr die jeweils offene Position weitergeleitet. Dann wird der weitere Ablauf abgestimmt. Im Unternehmen haben grunds\u00e4tzlich nur die Personen Zugriff auf Ihre Daten, die dies f\u00fcr den ordnungsgem\u00e4\u00dfen Ablauf unseres Bewerbungsverfahrens ben\u00f6tigen.<\/p>\n\n\n\n<p><strong>Wo werden die Daten verarbeitet?<\/strong><br>Die Daten werden auf einem Server des Bertschikonzerns verarbeitet. Dieser befindet sich in der Schweiz. Eine Daten\u00fcbermittlung in die Schweiz ist gem\u00e4\u00df Art. 45 DSGVO zul\u00e4ssig. Der Angemessenheitsbeschluss der europ\u00e4ischen Kommission liegt f\u00fcr die Schweiz vor.<\/p>\n\n\n\n<p><strong>Ihre Rechte als \u201eBetroffene\u201c<\/strong><br>Sie haben das Recht auf Auskunft \u00fcber die von uns zu Ihrer Person verarbeiteten personenbezogenen Daten.<br>Bei einer Auskunftsanfrage, die nicht schriftlich erfolgt, bitten wir um Verst\u00e4ndnis daf\u00fcr, dass wir dann ggf. Nachweise von Ihnen verlangen, die belegen, dass Sie die Person sind, f\u00fcr die Sie sich ausgeben.<br>Ferner haben Sie ein Recht auf Berichtigung oder L\u00f6schung oder auf Einschr\u00e4nkung der Verarbeitung, soweit Ihnen dies gesetzlich zusteht.<br>Ferner haben Sie ein Widerspruchsrecht gegen die Verarbeitung im Rahmen der gesetzlichen Vorgaben. Gleiches gilt f\u00fcr ein Recht auf Daten\u00fcbertragbarkeit.<br><br>M\u00f6chten Sie von Ihrem Widerrufs- oder Widerspruchsrecht Gebrauch machen, gen\u00fcgt eine E-Mail an datenschutzDe@bertschi.com<\/p>\n\n\n\n<p><strong>Beschwerderecht<\/strong><br>Sie haben das Recht, sich \u00fcber die Verarbeitung personenbezogenen Daten durch uns bei einer Aufsichtsbeh\u00f6rde f\u00fcr den Datenschutz zu beschweren.<\/p>\n\n\n\n<p>Stand Mai 2018<br><\/p>\n","protected":false},"excerpt":{"rendered":"<p>Datenschutzhinweise f\u00fcr Bewerberinnen und Bewerber Wir m\u00f6chten Ihnen nachfolgend Informationen zur Verarbeitung Ihrer personenbezogenen Daten im Zusammenhang mit der Bewerbung erteilen. Wer ist f\u00fcr Datenverarbeitung verantwortlich? Verantwortlicher im Sinne des Datenschutzrechts ist STR Tank-Container-Reinigung GmbHGesch\u00e4ftsf\u00fchrer Andreas HauptJustus von Liebig-Str. 2901987 SchwarzheideTel.:035752\/920-56 Unser DatenschutzbeauftragterWir haben einen Datenschutzbeauftragten in unserem Unternehmen benannt. Sie erreichen diesen unter folgender [&hellip;]<\/p>\n","protected":false},"author":1,"featured_media":0,"parent":0,"menu_order":0,"comment_status":"closed","ping_status":"closed","template":"templates\/template-full-no-title.php","meta":{"footnotes":""},"class_list":["post-223","page","type-page","status-publish","hentry"],"_links":{"self":[{"href":"https:\/\/www.str-terminal.de\/index.php?rest_route=\/wp\/v2\/pages\/223","targetHints":{"allow":["GET"]}}],"collection":[{"href":"https:\/\/www.str-terminal.de\/index.php?rest_route=\/wp\/v2\/pages"}],"about":[{"href":"https:\/\/www.str-terminal.de\/index.php?rest_route=\/wp\/v2\/types\/page"}],"author":[{"embeddable":true,"href":"https:\/\/www.str-terminal.de\/index.php?rest_route=\/wp\/v2\/users\/1"}],"replies":[{"embeddable":true,"href":"https:\/\/www.str-terminal.de\/index.php?rest_route=%2Fwp%2Fv2%2Fcomments&post=223"}],"version-history":[{"count":1,"href":"https:\/\/www.str-terminal.de\/index.php?rest_route=\/wp\/v2\/pages\/223\/revisions"}],"predecessor-version":[{"id":224,"href":"https:\/\/www.str-terminal.de\/index.php?rest_route=\/wp\/v2\/pages\/223\/revisions\/224"}],"wp:attachment":[{"href":"https:\/\/www.str-terminal.de\/index.php?rest_route=%2Fwp%2Fv2%2Fmedia&parent=223"}],"curies":[{"name":"wp","href":"https:\/\/api.w.org\/{rel}","templated":true}]}}